{"id":169,"date":"2026-03-15T10:50:27","date_gmt":"2026-03-15T10:50:27","guid":{"rendered":"https:\/\/www.paxpleiadensis.com\/?page_id=169"},"modified":"2026-03-15T10:50:28","modified_gmt":"2026-03-15T10:50:28","slug":"dragonzen","status":"publish","type":"page","link":"https:\/\/www.paxpleiadensis.com\/index.php\/dragonzen\/","title":{"rendered":"DragonZen"},"content":{"rendered":"\n<div class=\"wp-block-media-text is-stacked-on-mobile\" style=\"grid-template-columns:21% auto\"><figure class=\"wp-block-media-text__media\"><img loading=\"lazy\" decoding=\"async\" width=\"492\" height=\"492\" src=\"https:\/\/www.paxpleiadensis.com\/wp-content\/uploads\/2026\/03\/tigre-1.jpg\" alt=\"\" class=\"wp-image-167 size-full\" srcset=\"https:\/\/www.paxpleiadensis.com\/wp-content\/uploads\/2026\/03\/tigre-1.jpg 492w, https:\/\/www.paxpleiadensis.com\/wp-content\/uploads\/2026\/03\/tigre-1-300x300.jpg 300w, https:\/\/www.paxpleiadensis.com\/wp-content\/uploads\/2026\/03\/tigre-1-150x150.jpg 150w\" sizes=\"auto, (max-width: 492px) 100vw, 492px\" \/><\/figure><div class=\"wp-block-media-text__content\">\n<p><strong><mark style=\"background-color:rgba(0, 0, 0, 0)\" class=\"has-inline-color has-accent-3-color\">Quelle que soit<\/mark><\/strong> la violence, parfois difficilement supportable, il ne faut jamais oublier que c&rsquo;est l&rsquo;\u00e2me qui choisit, avant de s&rsquo;incarner, ce qu&rsquo;elle va vivre, le chemin qu&rsquo;elle va emprunter, pour \u00e9voluer et comprendre ce qui n&rsquo;a pas fonctionn\u00e9 dans ses vies pass\u00e9es.<\/p>\n<\/div><\/div>\n\n\n\n<p>Le hasard n&rsquo;existe pas, et heureusement, car, si la destin\u00e9e de tout \u00e0 chacun n&rsquo;\u00e9tait qu&rsquo;une esp\u00e8ce de loterie, o\u00f9 il y aurait d&rsquo;heureux gagnants et comme de bien entendu de malheureux perdants. \u00c7a serait vraiment horrible.<br>Il serait vraiment difficile d&rsquo;accepter qu&rsquo;il puisse y avoir, derri\u00e8re tout cela, une source d&rsquo;amour cr\u00e9atrice lumineuse.<\/p>\n\n\n\n<p>Astrologiquement v\u00f4tre !<\/p>\n","protected":false},"excerpt":{"rendered":"<p>Quelle que soit la violence, parfois difficilement supportable, il ne faut jamais oublier que c&rsquo;est l&rsquo;\u00e2me qui choisit, avant de s&rsquo;incarner, ce qu&rsquo;elle va vivre, le chemin qu&rsquo;elle va emprunter, pour \u00e9voluer et comprendre ce qui n&rsquo;a pas fonctionn\u00e9 dans ses vies pass\u00e9es. Le hasard n&rsquo;existe pas, et heureusement, car, si la destin\u00e9e de tout [&hellip;]<\/p>\n","protected":false},"author":3,"featured_media":0,"parent":0,"menu_order":0,"comment_status":"closed","ping_status":"closed","template":"","meta":{"om_disable_all_campaigns":false,"_monsterinsights_skip_tracking":false,"_monsterinsights_sitenote_active":false,"_monsterinsights_sitenote_note":"","_monsterinsights_sitenote_category":0,"footnotes":""},"class_list":["post-169","page","type-page","status-publish","hentry"],"aioseo_notices":[],"_links":{"self":[{"href":"https:\/\/www.paxpleiadensis.com\/index.php\/wp-json\/wp\/v2\/pages\/169","targetHints":{"allow":["GET"]}}],"collection":[{"href":"https:\/\/www.paxpleiadensis.com\/index.php\/wp-json\/wp\/v2\/pages"}],"about":[{"href":"https:\/\/www.paxpleiadensis.com\/index.php\/wp-json\/wp\/v2\/types\/page"}],"author":[{"embeddable":true,"href":"https:\/\/www.paxpleiadensis.com\/index.php\/wp-json\/wp\/v2\/users\/3"}],"replies":[{"embeddable":true,"href":"https:\/\/www.paxpleiadensis.com\/index.php\/wp-json\/wp\/v2\/comments?post=169"}],"version-history":[{"count":1,"href":"https:\/\/www.paxpleiadensis.com\/index.php\/wp-json\/wp\/v2\/pages\/169\/revisions"}],"predecessor-version":[{"id":170,"href":"https:\/\/www.paxpleiadensis.com\/index.php\/wp-json\/wp\/v2\/pages\/169\/revisions\/170"}],"wp:attachment":[{"href":"https:\/\/www.paxpleiadensis.com\/index.php\/wp-json\/wp\/v2\/media?parent=169"}],"curies":[{"name":"wp","href":"https:\/\/api.w.org\/{rel}","templated":true}]}}