{"id":69,"date":"2025-12-29T19:45:47","date_gmt":"2025-12-29T19:45:47","guid":{"rendered":"https:\/\/www.paxpleiadensis.com\/?page_id=69"},"modified":"2026-03-15T10:52:25","modified_gmt":"2026-03-15T10:52:25","slug":"autrices-et-auteurs","status":"publish","type":"page","link":"https:\/\/www.paxpleiadensis.com\/index.php\/autrices-et-auteurs\/","title":{"rendered":"Autrices et auteurs"},"content":{"rendered":"\n<p>Sur ce blog, nous, autrices et auteurs, sommes nombreux<strong>\u00b7<\/strong>ses \u00e0 penser que l&rsquo;\u00e2ge spirituel de l&rsquo;\u00eatre humain est d&rsquo;environ 5 ans.<br>De m\u00eame que nous pensons que quelque chose se profile bient\u00f4t, comme le passage de l&rsquo;\u00e9cole maternelle\/enfantine \u00e0 l&rsquo;\u00e9cole \u00e9l\u00e9mentaire pour l&rsquo;humanit\u00e9.<br>Certains humains paraissent plus en avance, proches d\u00e9j\u00e0 de l&rsquo;\u00e2ge de raison spirituelle, capables de quitter le bac \u00e0 sable en quelque sorte.<br>Voil\u00e0 pourquoi chaque autrice et auteur peut se repr\u00e9senter par une photo quand elle<strong>\u00b7<\/strong>il sortait de sa petite enfance \ud83d\ude42 ou bien une image la<strong>\u00b7<\/strong>le personnifiant.<\/p>\n\n\n\n<p class=\"is-style-default\"><\/p>\n\n\n\n<p class=\"is-style-default\"><\/p>\n\n\n\n<div class=\"wp-block-media-text is-stacked-on-mobile\" style=\"grid-template-columns:21% auto\"><figure class=\"wp-block-media-text__media\"><img loading=\"lazy\" decoding=\"async\" width=\"440\" height=\"429\" src=\"https:\/\/www.paxpleiadensis.com\/wp-content\/uploads\/2026\/01\/kumaelcatherine-2.png\" alt=\"\" class=\"wp-image-121 size-full\" srcset=\"https:\/\/www.paxpleiadensis.com\/wp-content\/uploads\/2026\/01\/kumaelcatherine-2.png 440w, https:\/\/www.paxpleiadensis.com\/wp-content\/uploads\/2026\/01\/kumaelcatherine-2-300x293.png 300w\" sizes=\"auto, (max-width: 440px) 100vw, 440px\" \/><\/figure><div class=\"wp-block-media-text__content\">\n<p class=\"has-accent-3-color has-text-color has-link-color wp-elements-ce359e064c9390ebc052a9a76f16ad10\"><strong>Catherine<\/strong><br><br>Canal des messages de Kuma\u00ebl<br>re\u00e7us durant le printemps 1989<br><\/p>\n<\/div><\/div>\n\n\n\n<div class=\"wp-block-media-text is-stacked-on-mobile\" style=\"grid-template-columns:21% auto\"><figure class=\"wp-block-media-text__media\"><img loading=\"lazy\" decoding=\"async\" width=\"430\" height=\"430\" src=\"https:\/\/www.paxpleiadensis.com\/wp-content\/uploads\/2026\/01\/zebre_a_roulettes.jpg\" alt=\"\" class=\"wp-image-114 size-full\" srcset=\"https:\/\/www.paxpleiadensis.com\/wp-content\/uploads\/2026\/01\/zebre_a_roulettes.jpg 430w, https:\/\/www.paxpleiadensis.com\/wp-content\/uploads\/2026\/01\/zebre_a_roulettes-300x300.jpg 300w, https:\/\/www.paxpleiadensis.com\/wp-content\/uploads\/2026\/01\/zebre_a_roulettes-150x150.jpg 150w\" sizes=\"auto, (max-width: 430px) 100vw, 430px\" \/><\/figure><div class=\"wp-block-media-text__content\">\n<p class=\"has-accent-3-color has-text-color has-link-color wp-elements-be61fdbfc3bf359518ab1d411997b875\"><strong>Doroth\u00e9e<\/strong><br><br>Pr\u00e9sentation \u00e0 venir&#8230;<br><\/p>\n<\/div><\/div>\n\n\n\n<p class=\"is-style-default\"><\/p>\n\n\n\n<div class=\"wp-block-media-text is-stacked-on-mobile\" style=\"grid-template-columns:21% auto\"><figure class=\"wp-block-media-text__media\"><img loading=\"lazy\" decoding=\"async\" width=\"492\" height=\"492\" src=\"https:\/\/www.paxpleiadensis.com\/wp-content\/uploads\/2026\/03\/tigre-1.jpg\" alt=\"\" class=\"wp-image-167 size-full\" srcset=\"https:\/\/www.paxpleiadensis.com\/wp-content\/uploads\/2026\/03\/tigre-1.jpg 492w, https:\/\/www.paxpleiadensis.com\/wp-content\/uploads\/2026\/03\/tigre-1-300x300.jpg 300w, https:\/\/www.paxpleiadensis.com\/wp-content\/uploads\/2026\/03\/tigre-1-150x150.jpg 150w\" sizes=\"auto, (max-width: 492px) 100vw, 492px\" \/><\/figure><div class=\"wp-block-media-text__content\">\n<p class=\"has-accent-3-color has-text-color has-link-color wp-elements-513cefd3a09d9bf752873a83a5f2234d\"><strong>DragonZen<\/strong><br><br><a href=\"https:\/\/www.paxpleiadensis.com\/index.php\/dragonzen\/\" title=\"\">Pr\u00e9sentation<\/a><br><\/p>\n<\/div><\/div>\n\n\n\n<p class=\"is-style-default\"><\/p>\n\n\n\n<div class=\"wp-block-media-text is-stacked-on-mobile\" style=\"grid-template-columns:21% auto\"><figure class=\"wp-block-media-text__media\"><img loading=\"lazy\" decoding=\"async\" width=\"192\" height=\"192\" src=\"https:\/\/www.paxpleiadensis.com\/wp-content\/uploads\/2025\/12\/thoty.jpg\" alt=\"\" class=\"wp-image-71 size-full\" srcset=\"https:\/\/www.paxpleiadensis.com\/wp-content\/uploads\/2025\/12\/thoty.jpg 192w, https:\/\/www.paxpleiadensis.com\/wp-content\/uploads\/2025\/12\/thoty-150x150.jpg 150w\" sizes=\"auto, (max-width: 192px) 100vw, 192px\" \/><\/figure><div class=\"wp-block-media-text__content\">\n<p class=\"has-accent-3-color has-text-color has-link-color wp-elements-ae177c84504fbbfc0266104643fed048\"><strong>Thoty<\/strong><br><br><a href=\"https:\/\/www.paxpleiadensis.com\/index.php\/qui-suis-je\/\" data-type=\"page\" data-id=\"43\">Pr\u00e9sentation<\/a><br><\/p>\n<\/div><\/div>\n\n\n\n<p class=\"is-style-default\"><\/p>\n\n\n\n<p><\/p>\n","protected":false},"excerpt":{"rendered":"<p>Sur ce blog, nous, autrices et auteurs, sommes nombreux\u00b7ses \u00e0 penser que l&rsquo;\u00e2ge spirituel de l&rsquo;\u00eatre humain est d&rsquo;environ 5 ans.De m\u00eame que nous pensons que quelque chose se profile bient\u00f4t, comme le passage de l&rsquo;\u00e9cole maternelle\/enfantine \u00e0 l&rsquo;\u00e9cole \u00e9l\u00e9mentaire pour l&rsquo;humanit\u00e9.Certains humains paraissent plus en avance, proches d\u00e9j\u00e0 de l&rsquo;\u00e2ge de raison spirituelle, capables [&hellip;]<\/p>\n","protected":false},"author":1,"featured_media":0,"parent":0,"menu_order":0,"comment_status":"closed","ping_status":"closed","template":"","meta":{"om_disable_all_campaigns":false,"_monsterinsights_skip_tracking":false,"_monsterinsights_sitenote_active":false,"_monsterinsights_sitenote_note":"","_monsterinsights_sitenote_category":0,"footnotes":""},"class_list":["post-69","page","type-page","status-publish","hentry"],"aioseo_notices":[],"_links":{"self":[{"href":"https:\/\/www.paxpleiadensis.com\/index.php\/wp-json\/wp\/v2\/pages\/69","targetHints":{"allow":["GET"]}}],"collection":[{"href":"https:\/\/www.paxpleiadensis.com\/index.php\/wp-json\/wp\/v2\/pages"}],"about":[{"href":"https:\/\/www.paxpleiadensis.com\/index.php\/wp-json\/wp\/v2\/types\/page"}],"author":[{"embeddable":true,"href":"https:\/\/www.paxpleiadensis.com\/index.php\/wp-json\/wp\/v2\/users\/1"}],"replies":[{"embeddable":true,"href":"https:\/\/www.paxpleiadensis.com\/index.php\/wp-json\/wp\/v2\/comments?post=69"}],"version-history":[{"count":12,"href":"https:\/\/www.paxpleiadensis.com\/index.php\/wp-json\/wp\/v2\/pages\/69\/revisions"}],"predecessor-version":[{"id":171,"href":"https:\/\/www.paxpleiadensis.com\/index.php\/wp-json\/wp\/v2\/pages\/69\/revisions\/171"}],"wp:attachment":[{"href":"https:\/\/www.paxpleiadensis.com\/index.php\/wp-json\/wp\/v2\/media?parent=69"}],"curies":[{"name":"wp","href":"https:\/\/api.w.org\/{rel}","templated":true}]}}