{"id":77,"date":"2025-12-29T17:41:05","date_gmt":"2025-12-29T17:41:05","guid":{"rendered":"https:\/\/www.paxpleiadensis.com\/?page_id=77"},"modified":"2026-01-08T11:27:12","modified_gmt":"2026-01-08T11:27:12","slug":"a-propos-de-ce-site","status":"publish","type":"page","link":"https:\/\/www.paxpleiadensis.com\/index.php\/a-propos-de-ce-site\/","title":{"rendered":"\u00c0 propos de ce site&#8230;"},"content":{"rendered":"\n<p>Notre intention est claire. Rapporter des \u00e9l\u00e9ments de r\u00e9flexion propres \u00e0, peut-\u00eatre, encourager des prises de conscience et donner l&rsquo;envie d&rsquo;explorer d&rsquo;autres possibles, au-del\u00e0 de la Matrice&#8230;<br><br>Nos articles relatent uniquement des exp\u00e9riences. Nous ne parlons que de domaines que nous avons approch\u00e9s, voire approfondis, et nous livrons ainsi des t\u00e9moignages authentiques, \u00e9tant conscients qu&rsquo;en aucune fa\u00e7on, ils ne constituent une v\u00e9rit\u00e9 infaillible.<br><br>Tout en ayant nos points de vue sur de nombreux sujets relatifs au cheminement spirituel, nous ne sommes anim\u00e9s d&rsquo;aucune volont\u00e9 de faire l&rsquo;apologie de quoi que ce soit. Dogmatisme et pros\u00e9lytisme n&rsquo;ont pas leur place ici.<br><br>Nous ne cherchons pas non plus \u00e0 d\u00e9battre. Il existe suffisamment d&rsquo;espaces pour cela sur la Toile. Voil\u00e0 pourquoi les commentaires ne sont pas ouverts.<br><br>S&rsquo;il fallait d\u00e9finir une seule raison \u00e0 ce site, nous dirions volontiers, permettre \u00e0 l&rsquo;\u00eatre de (re)trouver sa souverainet\u00e9 int\u00e9rieure.<br><br>Finalement qui mieux que Brassens l&rsquo;a exprim\u00e9.<br> Pourquoi nous faudrait-il <a href=\"https:\/\/www.youtube.com\/watch?v=A2n5_q0121E\" target=\"_blank\" rel=\"noreferrer noopener\">Mourir pour des id\u00e9es<\/a> ?<\/p>\n\n\n\n<p><\/p>\n","protected":false},"excerpt":{"rendered":"<p>Notre intention est claire. Rapporter des \u00e9l\u00e9ments de r\u00e9flexion propres \u00e0, peut-\u00eatre, encourager des prises de conscience et donner l&rsquo;envie d&rsquo;explorer d&rsquo;autres possibles, au-del\u00e0 de la Matrice&#8230; Nos articles relatent uniquement des exp\u00e9riences. Nous ne parlons que de domaines que nous avons approch\u00e9s, voire approfondis, et nous livrons ainsi des t\u00e9moignages authentiques, \u00e9tant conscients qu&rsquo;en [&hellip;]<\/p>\n","protected":false},"author":1,"featured_media":0,"parent":0,"menu_order":0,"comment_status":"closed","ping_status":"closed","template":"","meta":{"om_disable_all_campaigns":false,"_monsterinsights_skip_tracking":false,"_monsterinsights_sitenote_active":false,"_monsterinsights_sitenote_note":"","_monsterinsights_sitenote_category":0,"footnotes":""},"class_list":["post-77","page","type-page","status-publish","hentry"],"aioseo_notices":[],"_links":{"self":[{"href":"https:\/\/www.paxpleiadensis.com\/index.php\/wp-json\/wp\/v2\/pages\/77","targetHints":{"allow":["GET"]}}],"collection":[{"href":"https:\/\/www.paxpleiadensis.com\/index.php\/wp-json\/wp\/v2\/pages"}],"about":[{"href":"https:\/\/www.paxpleiadensis.com\/index.php\/wp-json\/wp\/v2\/types\/page"}],"author":[{"embeddable":true,"href":"https:\/\/www.paxpleiadensis.com\/index.php\/wp-json\/wp\/v2\/users\/1"}],"replies":[{"embeddable":true,"href":"https:\/\/www.paxpleiadensis.com\/index.php\/wp-json\/wp\/v2\/comments?post=77"}],"version-history":[{"count":3,"href":"https:\/\/www.paxpleiadensis.com\/index.php\/wp-json\/wp\/v2\/pages\/77\/revisions"}],"predecessor-version":[{"id":112,"href":"https:\/\/www.paxpleiadensis.com\/index.php\/wp-json\/wp\/v2\/pages\/77\/revisions\/112"}],"wp:attachment":[{"href":"https:\/\/www.paxpleiadensis.com\/index.php\/wp-json\/wp\/v2\/media?parent=77"}],"curies":[{"name":"wp","href":"https:\/\/api.w.org\/{rel}","templated":true}]}}